{"id":6065,"date":"2018-02-02T18:38:07","date_gmt":"2018-02-02T17:38:07","guid":{"rendered":"http:\/\/www.ecole-saintjoseph-mauleon.fr\/fr\/?page_id=6065"},"modified":"2026-03-10T10:04:33","modified_gmt":"2026-03-10T09:04:33","slug":"test-2","status":"publish","type":"page","link":"http:\/\/www.ecole-saintjoseph-mauleon.fr\/fr\/test-2\/","title":{"rendered":"Cantine"},"content":{"rendered":"\n<p>&nbsp;La cantine est g\u00e9r\u00e9e par l&rsquo;OGEC et se d\u00e9roule sur le site de l&rsquo;\u00e9cole en deux services. Les repas sont confectionn\u00e9s par la soci\u00e9t\u00e9 API sur le site du coll\u00e8ge Ste Anne de Maul\u00e9on et livr\u00e9s chaque matin en liaison chaude.<\/p>\n\n\n\n<p>Les services et l&rsquo;encadrement des enfants sont assur\u00e9s par le personnel OGEC.<\/p>\n\n\n\n<p>Voici le lien qui vous permettra de consulter les menus :<\/p>\n\n\n\n<p><a href=\"https:\/\/www.c-est-pret.com\/scolaire\/accueil\/f77c46b47e324db5ad8ac48c9090858a\">https:\/\/www.c-est-pret.com\/scolaire\/accueil\/f77c46b47e324db5ad8ac48c9090858a<\/a><\/p>\n","protected":false},"excerpt":{"rendered":"<p>&nbsp;La cantine est g\u00e9r\u00e9e par l&rsquo;OGEC et se d\u00e9roule sur le site de l&rsquo;\u00e9cole en deux services. Les repas sont confectionn\u00e9s par la soci\u00e9t\u00e9 API sur le site du coll\u00e8ge Ste Anne de Maul\u00e9on et livr\u00e9s chaque matin en liaison chaude. Les services et l&rsquo;encadrement des enfants sont assur\u00e9s par le personnel OGEC. Voici le&hellip;<\/p>\n","protected":false},"author":5,"featured_media":0,"parent":0,"menu_order":0,"comment_status":"closed","ping_status":"closed","template":"","meta":{"footnotes":""},"class_list":["post-6065","page","type-page","status-publish","hentry"],"_links":{"self":[{"href":"http:\/\/www.ecole-saintjoseph-mauleon.fr\/fr\/wp-json\/wp\/v2\/pages\/6065","targetHints":{"allow":["GET"]}}],"collection":[{"href":"http:\/\/www.ecole-saintjoseph-mauleon.fr\/fr\/wp-json\/wp\/v2\/pages"}],"about":[{"href":"http:\/\/www.ecole-saintjoseph-mauleon.fr\/fr\/wp-json\/wp\/v2\/types\/page"}],"author":[{"embeddable":true,"href":"http:\/\/www.ecole-saintjoseph-mauleon.fr\/fr\/wp-json\/wp\/v2\/users\/5"}],"replies":[{"embeddable":true,"href":"http:\/\/www.ecole-saintjoseph-mauleon.fr\/fr\/wp-json\/wp\/v2\/comments?post=6065"}],"version-history":[{"count":41,"href":"http:\/\/www.ecole-saintjoseph-mauleon.fr\/fr\/wp-json\/wp\/v2\/pages\/6065\/revisions"}],"predecessor-version":[{"id":18806,"href":"http:\/\/www.ecole-saintjoseph-mauleon.fr\/fr\/wp-json\/wp\/v2\/pages\/6065\/revisions\/18806"}],"wp:attachment":[{"href":"http:\/\/www.ecole-saintjoseph-mauleon.fr\/fr\/wp-json\/wp\/v2\/media?parent=6065"}],"curies":[{"name":"wp","href":"https:\/\/api.w.org\/{rel}","templated":true}]}}