{"id":18799,"date":"2026-03-09T22:15:50","date_gmt":"2026-03-09T21:15:50","guid":{"rendered":"http:\/\/www.ecole-saintjoseph-mauleon.fr\/fr\/?page_id=18799"},"modified":"2026-03-10T10:18:10","modified_gmt":"2026-03-10T09:18:10","slug":"organisation","status":"publish","type":"page","link":"http:\/\/www.ecole-saintjoseph-mauleon.fr\/fr\/organisation\/","title":{"rendered":"Qui sommes nous ?"},"content":{"rendered":"\n<p>L&rsquo;\u00e9cole St Joseph compte 150 \u00e9l\u00e8ves r\u00e9partis en 7 classes de la TPS au CM2.<\/p>\n\n\n\n<p>Pour 2025\/2026, l&rsquo;organisation p\u00e9dagogique est la suivante : <\/p>\n\n\n\n<ul class=\"wp-block-list\">\n<li>TPS\/PS\/MS avec Anne Guyon et Manuella Drapeau aid\u00e9es d&rsquo;Aline Pardonche Douezy<\/li>\n\n\n\n<li>GS avec V\u00e9ronique Martineau et Elodie Huteau aid\u00e9es de Juline Lavaud<\/li>\n\n\n\n<li>CP avec Ludivine Morisset<\/li>\n\n\n\n<li>CE1 avec Lydie Rondeau<\/li>\n\n\n\n<li>CE2 avec Sandra Bichon<\/li>\n\n\n\n<li>CM1 avec Anne H\u00e9raud<\/li>\n\n\n\n<li>CM1\/CM2 avec Magalie Nauleau et Christelle Charbeau<\/li>\n\n\n\n<li>Poste sp\u00e9cialis\u00e9 occup\u00e9 par C\u00e9line Toucheteau<\/li>\n\n\n\n<li>Chef d&rsquo;\u00e9tablissement : Patrice Tricoire<\/li>\n<\/ul>\n\n\n\n<p>Muriel Baudouin et Sophie Morin assurent les services en restauration aid\u00e9es des ASEM pour les \u00e9l\u00e8ves en maternelle. Christine Bertoux assure la surveillance de cour.<\/p>\n\n\n\n<p>L&rsquo;\u00e9quipe compte aussi C\u00e9cile Morin et Lucie Billaud, AESH.<\/p>\n\n\n\n<figure class=\"wp-block-image size-large\"><img loading=\"lazy\" decoding=\"async\" width=\"1024\" height=\"731\" src=\"http:\/\/www.ecole-saintjoseph-mauleon.fr\/fr\/wp-content\/uploads\/2026\/03\/equipe-Mauleon-2-1024x731.jpg\" alt=\"\" class=\"wp-image-18815\" srcset=\"http:\/\/www.ecole-saintjoseph-mauleon.fr\/fr\/wp-content\/uploads\/2026\/03\/equipe-Mauleon-2-1024x731.jpg 1024w, http:\/\/www.ecole-saintjoseph-mauleon.fr\/fr\/wp-content\/uploads\/2026\/03\/equipe-Mauleon-2-300x214.jpg 300w, http:\/\/www.ecole-saintjoseph-mauleon.fr\/fr\/wp-content\/uploads\/2026\/03\/equipe-Mauleon-2-768x549.jpg 768w, http:\/\/www.ecole-saintjoseph-mauleon.fr\/fr\/wp-content\/uploads\/2026\/03\/equipe-Mauleon-2-1536x1097.jpg 1536w, http:\/\/www.ecole-saintjoseph-mauleon.fr\/fr\/wp-content\/uploads\/2026\/03\/equipe-Mauleon-2-2048x1463.jpg 2048w\" sizes=\"auto, (max-width: 1024px) 100vw, 1024px\" \/><\/figure>\n","protected":false},"excerpt":{"rendered":"<p>L&rsquo;\u00e9cole St Joseph compte 150 \u00e9l\u00e8ves r\u00e9partis en 7 classes de la TPS au CM2. Pour 2025\/2026, l&rsquo;organisation p\u00e9dagogique est la suivante : Muriel Baudouin et Sophie Morin assurent les services en restauration aid\u00e9es des ASEM pour les \u00e9l\u00e8ves en maternelle. Christine Bertoux assure la surveillance de cour. L&rsquo;\u00e9quipe compte aussi C\u00e9cile Morin et Lucie&hellip;<\/p>\n","protected":false},"author":5,"featured_media":0,"parent":0,"menu_order":0,"comment_status":"closed","ping_status":"closed","template":"","meta":{"footnotes":""},"class_list":["post-18799","page","type-page","status-publish","hentry"],"_links":{"self":[{"href":"http:\/\/www.ecole-saintjoseph-mauleon.fr\/fr\/wp-json\/wp\/v2\/pages\/18799","targetHints":{"allow":["GET"]}}],"collection":[{"href":"http:\/\/www.ecole-saintjoseph-mauleon.fr\/fr\/wp-json\/wp\/v2\/pages"}],"about":[{"href":"http:\/\/www.ecole-saintjoseph-mauleon.fr\/fr\/wp-json\/wp\/v2\/types\/page"}],"author":[{"embeddable":true,"href":"http:\/\/www.ecole-saintjoseph-mauleon.fr\/fr\/wp-json\/wp\/v2\/users\/5"}],"replies":[{"embeddable":true,"href":"http:\/\/www.ecole-saintjoseph-mauleon.fr\/fr\/wp-json\/wp\/v2\/comments?post=18799"}],"version-history":[{"count":4,"href":"http:\/\/www.ecole-saintjoseph-mauleon.fr\/fr\/wp-json\/wp\/v2\/pages\/18799\/revisions"}],"predecessor-version":[{"id":18816,"href":"http:\/\/www.ecole-saintjoseph-mauleon.fr\/fr\/wp-json\/wp\/v2\/pages\/18799\/revisions\/18816"}],"wp:attachment":[{"href":"http:\/\/www.ecole-saintjoseph-mauleon.fr\/fr\/wp-json\/wp\/v2\/media?parent=18799"}],"curies":[{"name":"wp","href":"https:\/\/api.w.org\/{rel}","templated":true}]}}