{"id":18783,"date":"2026-03-09T21:25:47","date_gmt":"2026-03-09T20:25:47","guid":{"rendered":"http:\/\/www.ecole-saintjoseph-mauleon.fr\/fr\/?page_id=18783"},"modified":"2026-03-09T21:25:47","modified_gmt":"2026-03-09T20:25:47","slug":"periscolaire-et-transport-scolaire","status":"publish","type":"page","link":"http:\/\/www.ecole-saintjoseph-mauleon.fr\/fr\/periscolaire-et-transport-scolaire\/","title":{"rendered":"P\u00e9riscolaire et transport scolaire"},"content":{"rendered":"\n<p>Un accueil p\u00e9riscolaire g\u00e9r\u00e9 par le CSC de Maul\u00e9on est propos\u00e9 tous les jours de classe entre 7h et 8h45 et entre 16h30 et 19h sur le site de l&rsquo;Escale, rue de Montalent, pr\u00e8s de l&rsquo;\u00e9cole. La liaison entre l&rsquo;\u00e9cole et le site de l&rsquo;Escale est assur\u00e9e par les animatrices du CSC. Pour plus d&rsquo;informations, vous pouvez contacter le Centre-Socio-Culturel 05.49.81.86.31.<\/p>\n\n\n\n<p>Un accueil de loisirs est \u00e9galement organis\u00e9 le mercredi et aux vacances scolaires toujours par le CSC de Maul\u00e9on.<\/p>\n\n\n\n<p>Pour le transport scolaire, la mairie de Maul\u00e9on vous renseignera au 05.49.81.17.00.<\/p>\n","protected":false},"excerpt":{"rendered":"<p>Un accueil p\u00e9riscolaire g\u00e9r\u00e9 par le CSC de Maul\u00e9on est propos\u00e9 tous les jours de classe entre 7h et 8h45 et entre 16h30 et 19h sur le site de l&rsquo;Escale, rue de Montalent, pr\u00e8s de l&rsquo;\u00e9cole. La liaison entre l&rsquo;\u00e9cole et le site de l&rsquo;Escale est assur\u00e9e par les animatrices du CSC. Pour plus d&rsquo;informations,&hellip;<\/p>\n","protected":false},"author":5,"featured_media":0,"parent":0,"menu_order":0,"comment_status":"closed","ping_status":"closed","template":"","meta":{"footnotes":""},"class_list":["post-18783","page","type-page","status-publish","hentry"],"_links":{"self":[{"href":"http:\/\/www.ecole-saintjoseph-mauleon.fr\/fr\/wp-json\/wp\/v2\/pages\/18783","targetHints":{"allow":["GET"]}}],"collection":[{"href":"http:\/\/www.ecole-saintjoseph-mauleon.fr\/fr\/wp-json\/wp\/v2\/pages"}],"about":[{"href":"http:\/\/www.ecole-saintjoseph-mauleon.fr\/fr\/wp-json\/wp\/v2\/types\/page"}],"author":[{"embeddable":true,"href":"http:\/\/www.ecole-saintjoseph-mauleon.fr\/fr\/wp-json\/wp\/v2\/users\/5"}],"replies":[{"embeddable":true,"href":"http:\/\/www.ecole-saintjoseph-mauleon.fr\/fr\/wp-json\/wp\/v2\/comments?post=18783"}],"version-history":[{"count":2,"href":"http:\/\/www.ecole-saintjoseph-mauleon.fr\/fr\/wp-json\/wp\/v2\/pages\/18783\/revisions"}],"predecessor-version":[{"id":18786,"href":"http:\/\/www.ecole-saintjoseph-mauleon.fr\/fr\/wp-json\/wp\/v2\/pages\/18783\/revisions\/18786"}],"wp:attachment":[{"href":"http:\/\/www.ecole-saintjoseph-mauleon.fr\/fr\/wp-json\/wp\/v2\/media?parent=18783"}],"curies":[{"name":"wp","href":"https:\/\/api.w.org\/{rel}","templated":true}]}}